{"id":179,"date":"2023-01-26T13:32:52","date_gmt":"2023-01-26T12:32:52","guid":{"rendered":"https:\/\/clubveloids.org\/wordpress\/?page_id=179"},"modified":"2024-05-13T07:43:48","modified_gmt":"2024-05-13T11:43:48","slug":"se-connecter-au-site-aide","status":"publish","type":"page","link":"https:\/\/clubveloids.org\/wordpress\/se-connecter-au-site-aide\/","title":{"rendered":"Se connecter au site (aide)"},"content":{"rendered":"\n<div class=\"wp-block-media-text is-stacked-on-mobile\" style=\"grid-template-columns:34% auto\"><figure class=\"wp-block-media-text__media\"><img loading=\"lazy\" decoding=\"async\" width=\"300\" height=\"140\" src=\"https:\/\/clubveloids.org\/wordpress\/wp-content\/uploads\/2024\/05\/Inscription-mot-de-passe-temporaire-300x140.png\" alt=\"\" class=\"wp-image-8195 size-medium\" srcset=\"https:\/\/clubveloids.org\/wordpress\/wp-content\/uploads\/2024\/05\/Inscription-mot-de-passe-temporaire-300x140.png 300w, https:\/\/clubveloids.org\/wordpress\/wp-content\/uploads\/2024\/05\/Inscription-mot-de-passe-temporaire-1024x478.png 1024w, https:\/\/clubveloids.org\/wordpress\/wp-content\/uploads\/2024\/05\/Inscription-mot-de-passe-temporaire-768x358.png 768w, https:\/\/clubveloids.org\/wordpress\/wp-content\/uploads\/2024\/05\/Inscription-mot-de-passe-temporaire.png 1188w\" sizes=\"auto, (max-width: 300px) 100vw, 300px\" \/><\/figure><div class=\"wp-block-media-text__content\">\n<p style=\"font-size:14px\">Lorsque vous cliquez sur \u00ab\u00a0Se connecter\u00a0\u00bb, une fen\u00eatre appara\u00eetra avec d\u00e9j\u00e0 un nom d&rsquo;utilisateur et des \u00e9toiles (pour le mot de passe) sur certain apparail (ce sont les derniers renseignements que vous avez mis en m\u00e9moire sur votre syst\u00e8me).  <\/p>\n\n\n\n<p style=\"font-size:14px\">Ce nom d&rsquo;utilisateur et\/ou adresse courriel n&rsquo;est peut-\u00eatre pas le bon nom. <strong>Veuillez bien v\u00e9rifier qu&rsquo;il n&rsquo;y a aucune erreur.<\/strong><\/p>\n\n\n\n<p style=\"font-size:14px\">Vous pouvez afficher le mot de passe en cliquant sur le \u00ab\u00a0petit oeil\u00a0\u00bb. Veuillez vous assurer que c&rsquo;est vraiment le bon mot de passe pour le site que vous avez inscrit lors de votre adh\u00e9sion au club ou lors de votre derni\u00e8re demande de changement de mot de passe.<\/p>\n\n\n\n<p style=\"font-size:14px\"><strong><em>Vous pourrez demander un nouveau mot de passe si cela ne fonctionne pas apr\u00e8s 2 essais.  Voir proc\u00e9dure ci-dessous.<\/em><\/strong><\/p>\n\n\n\n<p>Lorsque vous serez certain de votre identifiant et mot de passe vous pouvez aussi choisir \u00ab\u00a0Se souvenir de moi\u00a0\u00bb, cela vous permettra de rester toujours connect\u00e9 sur votre appareil.  (Jusqu&rsquo;\u00e0 ce que vous effaciez vos \u00ab\u00a0cookies\u00a0\u00bb ou que votre syst\u00e8me se mettra \u00e0 jour).<\/p>\n\n\n\n<p class=\"has-pale-cyan-blue-background-color has-background\">Vous pouvez aussi enregistrer dans vos favoris quand vous verrez \u00ab\u00a0Votre compte\u00a0\u00bb  cette page, la prochaine fois que vous irez sur le site du club en utilisant l&rsquo;icone mis dans vos favoris, vous serrez automatiquement connect\u00e9.<\/p>\n\n\n\n<ul class=\"wp-block-list\">\n<li><\/li>\n<\/ul>\n<\/div><\/div>\n\n\n\n\n\n<h2 class=\"wp-block-heading\" id=\"1-changement-de-mot-de-passe\">Changement de mot de passe<\/h2>\n\n\n\n<div class=\"wp-block-media-text is-stacked-on-mobile\" style=\"grid-template-columns:38% auto\"><figure class=\"wp-block-media-text__media\"><img loading=\"lazy\" decoding=\"async\" width=\"1024\" height=\"477\" src=\"https:\/\/clubveloids.org\/wordpress\/wp-content\/uploads\/2024\/05\/Connexion-1024x477.png\" alt=\"\" class=\"wp-image-8191 size-full\" srcset=\"https:\/\/clubveloids.org\/wordpress\/wp-content\/uploads\/2024\/05\/Connexion-1024x477.png 1024w, https:\/\/clubveloids.org\/wordpress\/wp-content\/uploads\/2024\/05\/Connexion-300x140.png 300w, https:\/\/clubveloids.org\/wordpress\/wp-content\/uploads\/2024\/05\/Connexion-768x358.png 768w, https:\/\/clubveloids.org\/wordpress\/wp-content\/uploads\/2024\/05\/Connexion.png 1153w\" sizes=\"auto, (max-width: 1024px) 100vw, 1024px\" \/><\/figure><div class=\"wp-block-media-text__content\">\n<p>Cliquer sur \u00ab\u00a0Mot de passe oubli\u00e9 ?\u00a0\u00bb<\/p>\n<\/div><\/div>\n\n\n\n\n\n<div class=\"wp-block-media-text is-stacked-on-mobile\" style=\"grid-template-columns:38% auto\"><figure class=\"wp-block-media-text__media\"><img loading=\"lazy\" decoding=\"async\" width=\"1024\" height=\"502\" src=\"https:\/\/clubveloids.org\/wordpress\/wp-content\/uploads\/2024\/05\/Accepter-changement-1024x502.png\" alt=\"\" class=\"wp-image-8189 size-full\" srcset=\"https:\/\/clubveloids.org\/wordpress\/wp-content\/uploads\/2024\/05\/Accepter-changement-1024x502.png 1024w, https:\/\/clubveloids.org\/wordpress\/wp-content\/uploads\/2024\/05\/Accepter-changement-300x147.png 300w, https:\/\/clubveloids.org\/wordpress\/wp-content\/uploads\/2024\/05\/Accepter-changement-768x377.png 768w, https:\/\/clubveloids.org\/wordpress\/wp-content\/uploads\/2024\/05\/Accepter-changement.png 1085w\" sizes=\"auto, (max-width: 1024px) 100vw, 1024px\" \/><\/figure><div class=\"wp-block-media-text__content\">\n<p>Vous recevrez un premier courriel vous demandant d&rsquo;accepter de changer votre mot de passe.<\/p>\n\n\n\n<p>Vous devez cliquer sur \u00ab\u00a0J&rsquo;accepte\u00a0\u00bb<\/p>\n\n\n\n<p>Vous serez alors dirig\u00e9 sur la page de connexion du site internet du club.<\/p>\n\n\n\n<p><strong>VEUILLEZ NE RIEN FAIRE \u00c0 CETTE \u00c9TAPE.  Vous recevrez un deuxi\u00e8me courriel.<\/strong><\/p>\n<\/div><\/div>\n\n\n\n\n\n<div class=\"wp-block-media-text is-stacked-on-mobile\" style=\"grid-template-columns:42% auto\"><figure class=\"wp-block-media-text__media\"><img loading=\"lazy\" decoding=\"async\" width=\"1024\" height=\"512\" src=\"https:\/\/clubveloids.org\/wordpress\/wp-content\/uploads\/2024\/05\/Mot-de-passe-temporaire-1024x512.jpg\" alt=\"\" class=\"wp-image-8203 size-full\" srcset=\"https:\/\/clubveloids.org\/wordpress\/wp-content\/uploads\/2024\/05\/Mot-de-passe-temporaire-1024x512.jpg 1024w, https:\/\/clubveloids.org\/wordpress\/wp-content\/uploads\/2024\/05\/Mot-de-passe-temporaire-300x150.jpg 300w, https:\/\/clubveloids.org\/wordpress\/wp-content\/uploads\/2024\/05\/Mot-de-passe-temporaire-768x384.jpg 768w, https:\/\/clubveloids.org\/wordpress\/wp-content\/uploads\/2024\/05\/Mot-de-passe-temporaire.jpg 1077w\" sizes=\"auto, (max-width: 1024px) 100vw, 1024px\" \/><\/figure><div class=\"wp-block-media-text__content\">\n<p>Sur ce courriel vous retrouverez :<\/p>\n\n\n\n<ol class=\"wp-block-list\">\n<li> Votre identifiant<\/li>\n\n\n\n<li>Votre mot de passe temporaire<\/li>\n<\/ol>\n\n\n\n<p>Veuillez le prendre en note<\/p>\n\n\n\n<p>C&rsquo;est ce mot de passe que vous devez inscrire sur le formulaire qui s&rsquo;est ouvert \u00e0 l&rsquo;\u00e9tape pr\u00e9c\u00e9dente.<\/p>\n<\/div><\/div>\n\n\n\n\n\n<div class=\"wp-block-media-text is-stacked-on-mobile\" style=\"grid-template-columns:41% auto\"><figure class=\"wp-block-media-text__media\"><img loading=\"lazy\" decoding=\"async\" width=\"1024\" height=\"478\" src=\"https:\/\/clubveloids.org\/wordpress\/wp-content\/uploads\/2024\/05\/Inscription-mot-de-passe-temporaire-1024x478.png\" alt=\"\" class=\"wp-image-8195 size-full\" srcset=\"https:\/\/clubveloids.org\/wordpress\/wp-content\/uploads\/2024\/05\/Inscription-mot-de-passe-temporaire-1024x478.png 1024w, https:\/\/clubveloids.org\/wordpress\/wp-content\/uploads\/2024\/05\/Inscription-mot-de-passe-temporaire-300x140.png 300w, https:\/\/clubveloids.org\/wordpress\/wp-content\/uploads\/2024\/05\/Inscription-mot-de-passe-temporaire-768x358.png 768w, https:\/\/clubveloids.org\/wordpress\/wp-content\/uploads\/2024\/05\/Inscription-mot-de-passe-temporaire.png 1188w\" sizes=\"auto, (max-width: 1024px) 100vw, 1024px\" \/><\/figure><div class=\"wp-block-media-text__content\">\n<p>Veuillez v\u00e9rifier que c&rsquo;est bien le bon nom d&rsquo;utilisateur qui \u00e9tait inscrit sur votre premier courriel<\/p>\n\n\n\n<p>Vous devez inscrire le mot de passe temporaire que vous avez re\u00e7u sur votre deuxi\u00e8me courriel.<\/p>\n\n\n\n<p>Assurez-vous que c&rsquo;est le bon mot de passe (vous pouvez le v\u00e9rifier en cliquant sur l&rsquo;oeil \u00e0 droite du champ).<\/p>\n\n\n\n<p>Cliquer sur <strong>\u00ab\u00a0SE CONNECTER\u00a0\u00bb<\/strong><\/p>\n\n\n\n<p>Vous devriez \u00eatre dirig\u00e9 sur votre page \u00ab\u00a0Votre compte\u00a0\u00bb<\/p>\n<\/div><\/div>\n\n\n\n\n\n<div class=\"wp-block-media-text is-stacked-on-mobile\" style=\"grid-template-columns:42% auto\"><figure class=\"wp-block-media-text__media\"><img loading=\"lazy\" decoding=\"async\" width=\"785\" height=\"773\" src=\"https:\/\/clubveloids.org\/wordpress\/wp-content\/uploads\/2024\/05\/Derniere-etape.png\" alt=\"\" class=\"wp-image-8193 size-full\" srcset=\"https:\/\/clubveloids.org\/wordpress\/wp-content\/uploads\/2024\/05\/Derniere-etape.png 785w, https:\/\/clubveloids.org\/wordpress\/wp-content\/uploads\/2024\/05\/Derniere-etape-300x295.png 300w, https:\/\/clubveloids.org\/wordpress\/wp-content\/uploads\/2024\/05\/Derniere-etape-768x756.png 768w\" sizes=\"auto, (max-width: 785px) 100vw, 785px\" \/><\/figure><div class=\"wp-block-media-text__content\">\n<p>Lorsque vous verrez la page \u00ab\u00a0Votre compte\u00a0\u00bb, cliquer sur \u00ab\u00a0Profil\u00a0\u00bb dans le menu en dessous de l&rsquo;ent\u00eate de votre compte.<\/p>\n\n\n\n<p>En bas compl\u00e8tement de la page, vous pourrez inscire votre nouveau mot de passe.<\/p>\n\n\n\n<ol class=\"wp-block-list\">\n<li> <strong>\u00ab\u00a0Ancien mot de passe\u00a0\u00bb<\/strong> :  vous devez inscrire le mot de <strong>passe temporaire<\/strong> que vous venez d&rsquo;entrer.<\/li>\n\n\n\n<li><strong>\u00ab\u00a0Nouveau mot de passe\u00a0\u00bb<\/strong> : vous devez inscrire votre nouveau mot de passe.    Il est obligatoire d&rsquo;avoir au moins une ou plusieurs lettres, chiffres (majuscule et minuscule) et au minimum 6 caract\u00e8res.<\/li>\n\n\n\n<li><strong>PRENDRE EN NOTE CE NOUVEAU MOT DE PASSE<\/strong><\/li>\n\n\n\n<li><strong>\u00ab\u00a0Validation du nouveau mot de passe\u00a0\u00bb<\/strong> : r\u00e9peter votre nouveau mot de passe.  Assurez-vous que c&rsquo;est bien le m\u00eame mot de passe que vous avez mis dans le champ \u00ab\u00a0Nouveau mot de passe\u00a0\u00bb.<\/li>\n\n\n\n<li>Cliquer sur \u00ab\u00a0Sauvegarder les modifications\u00a0\u00bb.<\/li>\n<\/ol>\n<\/div><\/div>\n\n\n\n\n\n<div class=\"wp-block-media-text is-stacked-on-mobile\"><figure class=\"wp-block-media-text__media\"><img loading=\"lazy\" decoding=\"async\" width=\"1003\" height=\"482\" src=\"https:\/\/clubveloids.org\/wordpress\/wp-content\/uploads\/2024\/05\/Changement-mot-de-passe.png\" alt=\"\" class=\"wp-image-8190 size-full\" srcset=\"https:\/\/clubveloids.org\/wordpress\/wp-content\/uploads\/2024\/05\/Changement-mot-de-passe.png 1003w, https:\/\/clubveloids.org\/wordpress\/wp-content\/uploads\/2024\/05\/Changement-mot-de-passe-300x144.png 300w, https:\/\/clubveloids.org\/wordpress\/wp-content\/uploads\/2024\/05\/Changement-mot-de-passe-768x369.png 768w\" sizes=\"auto, (max-width: 1003px) 100vw, 1003px\" \/><\/figure><div class=\"wp-block-media-text__content\">\n<p>Veuillez v\u00e9rifier que vous voyez bien \u00ab\u00a0Your password has been successfuly change!\u00a0\u00bb appara\u00eet.<\/p>\n\n\n\n<p>Si jamais cela n&rsquo;appara\u00eet pas, c&rsquo;est que vous avez une erreur.<\/p>\n\n\n\n<p><strong>Soit qu&rsquo;il vous manque une information dans la section \u00ab\u00a0informations personnelles\u00a0\u00bb.  <\/strong><\/p>\n\n\n\n<p>Vous devez remplir tous les champs dans la premi\u00e8re section et sauvegarder ces informations.<\/p>\n\n\n\n<p><strong>Soit que vous avez fait une erreur en inscrivant l&rsquo;ancien et le nouveau mot de passe.<\/strong><\/p>\n\n\n\n<p>Recommencez cette \u00e9tape jusqu&rsquo;\u00e0 ce que vous voyez \u00ab\u00a0Your password has been successfuly change!\u00a0\u00bb<\/p>\n<\/div><\/div>\n\n\n\n\n\n<div class=\"wp-block-media-text is-stacked-on-mobile\" style=\"grid-template-columns:45% auto\"><figure class=\"wp-block-media-text__media\"><img loading=\"lazy\" decoding=\"async\" width=\"1024\" height=\"505\" src=\"https:\/\/clubveloids.org\/wordpress\/wp-content\/uploads\/2024\/05\/Se-souvenir-de-moi-1024x505.png\" alt=\"\" class=\"wp-image-8198 size-full\" srcset=\"https:\/\/clubveloids.org\/wordpress\/wp-content\/uploads\/2024\/05\/Se-souvenir-de-moi-1024x505.png 1024w, https:\/\/clubveloids.org\/wordpress\/wp-content\/uploads\/2024\/05\/Se-souvenir-de-moi-300x148.png 300w, https:\/\/clubveloids.org\/wordpress\/wp-content\/uploads\/2024\/05\/Se-souvenir-de-moi-768x379.png 768w, https:\/\/clubveloids.org\/wordpress\/wp-content\/uploads\/2024\/05\/Se-souvenir-de-moi.png 1195w\" sizes=\"auto, (max-width: 1024px) 100vw, 1024px\" \/><\/figure><div class=\"wp-block-media-text__content\">\n<p>Vous pouvez \u00e0 cette \u00e9tape vous d\u00e9connecter du site et vous connecter de nouveau mais en cliquant sur<\/p>\n\n\n\n<p> <strong>\u00ab\u00a0Se souvenir de moi\u00a0\u00bb.<\/strong><\/p>\n\n\n\n<p>Lorsque vous retournerez sur le site internet, vous devriez \u00eatre connect\u00e9 automatiquement, tant et aussi longtemps que :<\/p>\n\n\n\n<ul class=\"wp-block-list\">\n<li>vous ne serez pas d\u00e9connect\u00e9 sur un autre appareil (cellulaire, t\u00e9l\u00e9phone, tablette)<\/li>\n\n\n\n<li>tant que vous n&rsquo;aurez pas effac\u00e9 vos \u00ab\u00a0cookies\u00a0\u00bb, red\u00e9marrer votre appareil, etc.<\/li>\n<\/ul>\n\n\n\n<p class=\"has-pale-cyan-blue-background-color has-background\">Ne pas oublier tant et aussi longtemps que vous n&rsquo;aurez pas effac\u00e9 les \u00ab\u00a0mot de passe\u00a0\u00bb sauvegard\u00e9s dans<strong> \u00ab\u00a0votre ordinateur\u00a0\u00bb,<\/strong> ce sera peut-\u00eatre pas le bon \u00ab\u00a0nom d&rsquo;utilisateur\u00a0\u00bb ou \u00ab\u00a0mot de passe\u00a0\u00bb.  Vous devez bien v\u00e9rifier ce qui appara\u00eet sur le formulaire de connexion.<\/p>\n<\/div><\/div>\n\n\n\n\n\n<p class=\"has-medium-font-size\"><strong>Vous ne r\u00e9ussissez toujours pas \u00e0 vous connecter ???  Vous pouvez envoyer un courriel \u00e0 l&rsquo;adresse suivante :  <a href=\"mailto:info@clubveloids.org\" target=\"_blank\" rel=\"noreferrer noopener\">info@clubveloids.org<\/a><\/strong><\/p>\n","protected":false},"excerpt":{"rendered":"<p>Changement de mot de passe Cliquer sur \u00ab\u00a0Mot de passe oubli\u00e9 ?\u00a0\u00bb Vous recevrez un premier courriel vous demandant d&rsquo;accepter de changer votre mot de passe. Vous devez cliquer sur&#8230;<\/p>\n","protected":false},"author":1,"featured_media":0,"parent":0,"menu_order":0,"comment_status":"closed","ping_status":"closed","template":"","meta":{"_tec_requires_first_save":true,"_kad_blocks_custom_css":"","_kad_blocks_head_custom_js":"","_kad_blocks_body_custom_js":"","_kad_blocks_footer_custom_js":"","_EventAllDay":false,"_EventTimezone":"","_EventStartDate":"","_EventEndDate":"","_EventStartDateUTC":"","_EventEndDateUTC":"","_EventShowMap":false,"_EventShowMapLink":false,"_EventURL":"","_EventCost":"","_EventCostDescription":"","_EventCurrencySymbol":"","_EventCurrencyCode":"","_EventCurrencyPosition":"","_EventDateTimeSeparator":"","_EventTimeRangeSeparator":"","_EventOrganizerID":[],"_EventVenueID":[],"_OrganizerEmail":"","_OrganizerPhone":"","_OrganizerWebsite":"","_VenueAddress":"","_VenueCity":"","_VenueCountry":"","_VenueProvince":"","_VenueState":"","_VenueZip":"","_VenuePhone":"","_VenueURL":"","_VenueStateProvince":"","_VenueLat":"","_VenueLng":"","_VenueShowMap":false,"_VenueShowMapLink":false,"_tribe_blocks_recurrence_rules":"","_tribe_blocks_recurrence_description":"","_tribe_blocks_recurrence_exclusions":"","_ecp_custom_2":"","_kad_post_transparent":"","_kad_post_title":"","_kad_post_layout":"","_kad_post_sidebar_id":"","_kad_post_content_style":"","_kad_post_vertical_padding":"","_kad_post_feature":"","_kad_post_feature_position":"","_kad_post_header":false,"_kad_post_footer":false,"_kad_post_classname":"","_glsr_average":0,"_glsr_ranking":0,"_glsr_reviews":0,"footnotes":""},"class_list":["post-179","page","type-page","status-publish","hentry"],"taxonomy_info":[],"featured_image_src_large":false,"author_info":{"display_name":"Joanne Roy","author_link":"https:\/\/clubveloids.org\/wordpress\/author\/admin23\/"},"comment_info":0,"_links":{"self":[{"href":"https:\/\/clubveloids.org\/wordpress\/wp-json\/wp\/v2\/pages\/179","targetHints":{"allow":["GET"]}}],"collection":[{"href":"https:\/\/clubveloids.org\/wordpress\/wp-json\/wp\/v2\/pages"}],"about":[{"href":"https:\/\/clubveloids.org\/wordpress\/wp-json\/wp\/v2\/types\/page"}],"author":[{"embeddable":true,"href":"https:\/\/clubveloids.org\/wordpress\/wp-json\/wp\/v2\/users\/1"}],"replies":[{"embeddable":true,"href":"https:\/\/clubveloids.org\/wordpress\/wp-json\/wp\/v2\/comments?post=179"}],"version-history":[{"count":0,"href":"https:\/\/clubveloids.org\/wordpress\/wp-json\/wp\/v2\/pages\/179\/revisions"}],"wp:attachment":[{"href":"https:\/\/clubveloids.org\/wordpress\/wp-json\/wp\/v2\/media?parent=179"}],"curies":[{"name":"wp","href":"https:\/\/api.w.org\/{rel}","templated":true}]}}